{"id":26290,"date":"2026-01-22T14:37:24","date_gmt":"2026-01-22T14:37:24","guid":{"rendered":"https:\/\/www.vignobles-vellas.com\/why-choose-a-gite-in-the-heart-of-a-languedoc-winegrowing-estate-domaine-vellas\/"},"modified":"2026-01-22T14:45:56","modified_gmt":"2026-01-22T14:45:56","slug":"why-choose-a-gite-in-the-heart-of-a-languedoc-winegrowing-estate-domaine-vellas","status":"publish","type":"page","link":"https:\/\/www.vignobles-vellas.com\/en\/why-choose-a-gite-in-the-heart-of-a-languedoc-winegrowing-estate-domaine-vellas\/","title":{"rendered":"Why choose a g\u00eete in the heart of a Languedoc winegrowing estate | Domaine Vellas"},"content":{"rendered":"\t\t<div data-elementor-type=\"wp-page\" data-elementor-id=\"26290\" class=\"elementor elementor-26290 elementor-26284\">\n\t\t\t\t\t\t<section class=\"elementor-section elementor-top-section elementor-element elementor-element-413b98d elementor-section-boxed elementor-section-height-default elementor-section-height-default sc_fly_static\" data-id=\"413b98d\" data-element_type=\"section\" data-e-type=\"section\">\n\t\t\t\t\t\t<div class=\"elementor-container elementor-column-gap-extended\">\n\t\t\t\t\t<div class=\"elementor-column elementor-col-100 elementor-top-column elementor-element elementor-element-f696172 sc_inner_width_none sc_content_align_inherit sc_layouts_column_icons_position_left sc_fly_static\" data-id=\"f696172\" data-element_type=\"column\" data-e-type=\"column\">\n\t\t\t<div class=\"elementor-widget-wrap elementor-element-populated\">\n\t\t\t\t\t\t<div class=\"elementor-element elementor-element-6da3bd9 sc_fly_static elementor-widget elementor-widget-image\" data-id=\"6da3bd9\" data-element_type=\"widget\" data-e-type=\"widget\" data-widget_type=\"image.default\">\n\t\t\t\t<div class=\"elementor-widget-container\">\n\t\t\t\t\t\t\t\t\t\t\t\t\t\t\t<img fetchpriority=\"high\" decoding=\"async\" width=\"1024\" height=\"683\" src=\"https:\/\/www.vignobles-vellas.com\/wp-content\/uploads\/2022\/10\/vignes_domaine-grisette-des-gres_vignobles-vellas.com_1600x1067px-1024x683.jpg\" class=\"attachment-large size-large wp-image-23702\" alt=\"\" srcset=\"https:\/\/www.vignobles-vellas.com\/wp-content\/uploads\/2022\/10\/vignes_domaine-grisette-des-gres_vignobles-vellas.com_1600x1067px-1024x683.jpg 1024w, https:\/\/www.vignobles-vellas.com\/wp-content\/uploads\/2022\/10\/vignes_domaine-grisette-des-gres_vignobles-vellas.com_1600x1067px-300x200.jpg 300w, https:\/\/www.vignobles-vellas.com\/wp-content\/uploads\/2022\/10\/vignes_domaine-grisette-des-gres_vignobles-vellas.com_1600x1067px-768x512.jpg 768w, https:\/\/www.vignobles-vellas.com\/wp-content\/uploads\/2022\/10\/vignes_domaine-grisette-des-gres_vignobles-vellas.com_1600x1067px-1536x1024.jpg 1536w, https:\/\/www.vignobles-vellas.com\/wp-content\/uploads\/2022\/10\/vignes_domaine-grisette-des-gres_vignobles-vellas.com_1600x1067px-370x247.jpg 370w, https:\/\/www.vignobles-vellas.com\/wp-content\/uploads\/2022\/10\/vignes_domaine-grisette-des-gres_vignobles-vellas.com_1600x1067px-840x560.jpg 840w, https:\/\/www.vignobles-vellas.com\/wp-content\/uploads\/2022\/10\/vignes_domaine-grisette-des-gres_vignobles-vellas.com_1600x1067px-410x273.jpg 410w, https:\/\/www.vignobles-vellas.com\/wp-content\/uploads\/2022\/10\/vignes_domaine-grisette-des-gres_vignobles-vellas.com_1600x1067px.jpg 1600w\" sizes=\"(max-width: 1024px) 100vw, 1024px\" \/>\t\t\t\t\t\t\t\t\t\t\t\t\t\t\t<\/div>\n\t\t\t\t<\/div>\n\t\t\t\t\t<\/div>\n\t\t<\/div>\n\t\t\t\t\t<\/div>\n\t\t<\/section>\n\t\t\t\t<section class=\"elementor-section elementor-top-section elementor-element elementor-element-717d878 elementor-section-boxed elementor-section-height-default elementor-section-height-default sc_fly_static\" data-id=\"717d878\" data-element_type=\"section\" data-e-type=\"section\">\n\t\t\t\t\t\t<div class=\"elementor-container elementor-column-gap-extended\">\n\t\t\t\t\t<div class=\"elementor-column elementor-col-100 elementor-top-column elementor-element elementor-element-de734f0 sc_inner_width_none sc_content_align_inherit sc_layouts_column_icons_position_left sc_fly_static\" data-id=\"de734f0\" data-element_type=\"column\" data-e-type=\"column\">\n\t\t\t<div class=\"elementor-widget-wrap elementor-element-populated\">\n\t\t\t\t\t\t<div class=\"elementor-element elementor-element-e81bd56 sc_fly_static elementor-widget elementor-widget-html\" data-id=\"e81bd56\" data-element_type=\"widget\" data-e-type=\"widget\" data-widget_type=\"html.default\">\n\t\t\t\t<div class=\"elementor-widget-container\">\n\t\t\t\t\t<!-- SEO: Meta Title -->\r\n<!-- Pourquoi choisir un g\u00eete au c\u0153ur d\u2019un domaine viticole en Languedoc | Domaine Vellas -->\r\n\r\n<!-- SEO: Meta Description -->\r\n<!-- S\u00e9journer dans un g\u00eete au c\u0153ur d\u2019un domaine viticole en Languedoc : nature, vin, authenticit\u00e9 et art de vivre. D\u00e9couvrez l\u2019exp\u00e9rience Domaine Vellas. -->\r\n\r\n<section class=\"vv-article\">\r\n\r\n  <h1>Why choose a g\u00eete in the heart of a Languedoc vineyard?<\/h1>\r\n\r\n  <p>\r\n  Staying in a <strong>g\u00eete located in the heart of a winegrowing estate<\/strong> is much more than a simple vacation rental.\r\n It's a truly immersive experience, where nature, wine and the Languedoc art of living come together.\r\n At <strong>Domaine Vellas<\/strong>, our charming g\u00eetes welcome you amidst the vines,\r\n in an authentic environment conducive to relaxation and discovery.\r\n  <\/p>\r\n\r\n  <p>\r\n  More and more travelers today are looking for meaningful holidays:\r\n real places, rooted in their territory, far from standardized tourism.\r\n Choosing a <strong>wine-growing g\u00eete in Languedoc<\/strong> means choosing a different kind of holiday,\r\n closer to nature and local know-how.\r\n  <\/p>\r\n\r\n  <h2>Total immersion in the world of wine<\/h2>\r\n\r\n  <p>\r\n  To sleep in the heart of a vineyard is to live to the rhythm of the vineyard's seasons.\r\n From sunrise over the rows of vines to the golden light of evening,\r\n every moment becomes a sensory experience.\r\n At Domaine Vellas, you have the opportunity to go behind the scenes of the winegrower's trade,\r\n to understand the terroirs of the <strong>Languedoc<\/strong> and to taste the cuv\u00e9es produced on site.\r\n  <\/p>\r\n\r\n  <p>\r\n  This proximity to the vineyard and the cellar transforms your stay into a veritable\r\n <strong>oenological interlude<\/strong>, accessible to enlightened wine lovers\r\n as well as those curious to learn more.\r\n  <\/p>\r\n\r\n  <h2>An unspoilt, rejuvenating natural setting<\/h2>\r\n\r\n  <p>\r\n  Wine estates are often located in unspoilt environments,\r\n far from the hustle and bustle of urban life.\r\n Between <strong>garrigue<\/strong>, hills and open landscapes, the Languedoc offers an ideal setting\r\n to reconnect with the essentials.\r\n Staying in a winegrower's cottage allows you to take advantage of the calm, space and omnipresent nature.\r\n  <\/p>\r\n\r\n  <p>\r\n  Hiking, cycling, relaxing by the pool or simply contemplating\r\n are all part and parcel of a stay in the heart of the vineyards.\r\n  <\/p>\r\n\r\n  <h2>The comfort of a self-catering cottage, plus authenticity<\/h2>\r\n\r\n  <p>\r\n  Unlike traditional accommodation, a <strong>g\u00eete on a wine estate<\/strong>\r\n offers a great deal of freedom: generous space, fully-equipped kitchen, terraces, total independence.\r\n You'll enjoy all the comforts of a vacation home,\r\n, in a setting steeped in history and character.\r\n  <\/p>\r\n\r\n  <p>\r\n  The Domaine Vellas g\u00eetes welcome <strong>families<\/strong> and\r\n <strong>groups of friends<\/strong> alike, with adapted capacities and facilities designed\r\n for sharing and conviviality.\r\n  <\/p>\r\n\r\n  <h2>An ideal starting point for discovering the Languedoc region<\/h2>\r\n\r\n  <p>\r\n  Staying at the heart of a winegrowing estate also means benefiting from a strategic location\r\n to explore the region.\r\n Characteristic villages, local markets, Mediterranean beaches, hiking trails\r\n and cultural sites are all within easy reach of the g\u00eetes.\r\n  <\/p>\r\n\r\n  <p>\r\n  Domaine Vellas is an ideal base from which to explore\r\n <strong>Pic Saint-Loup<\/strong>, <strong>Saint-Chinian<\/strong> and the entire Languedoc region,\r\n, while enjoying the peace and authenticity of the vineyards every evening.\r\n  <\/p>\r\n\r\n  <p>\r\n    <a class=\"btn\" href=\"https:\/\/www.vignobles-vellas.com\/en\/accommodations-chateau-languedoc-cottage\/\">\r\n  Discover our self-catering cottages in the heart of the vineyards \u2192\r\n    <\/a>\r\n  <\/p>\r\n\r\n<\/section>\r\n\t\t\t\t<\/div>\n\t\t\t\t<\/div>\n\t\t\t\t\t<\/div>\n\t\t<\/div>\n\t\t\t\t\t<\/div>\n\t\t<\/section>\n\t\t\t\t<\/div>\n\t\t","protected":false},"excerpt":{"rendered":"<p>Why choose a g\u00eete in the heart of a Languedoc vineyard? Staying in a g\u00eete located in the heart of a winegrowing estate is much more than a simple vacation&hellip;<\/p>\n","protected":false},"author":4,"featured_media":0,"parent":0,"menu_order":0,"comment_status":"closed","ping_status":"closed","template":"elementor_header_footer","meta":{"content-type":"","inline_featured_image":false,"footnotes":""},"class_list":["post-26290","page","type-page","status-publish","hentry"],"yoast_head":"<!-- This site is optimized with the Yoast SEO plugin v27.4 - https:\/\/yoast.com\/product\/yoast-seo-wordpress\/ -->\n<title>Why choose a g\u00eete in the heart of a Languedoc winegrowing estate | Domaine Vellas - Vignobles Vellas<\/title>\n<meta name=\"description\" content=\"Stay in a g\u00eete at the heart of a Languedoc wine estate: nature, wine, authenticity and art de vivre. Discover the Domaine Vellas experience.\" \/>\n<meta name=\"robots\" content=\"index, follow, max-snippet:-1, max-image-preview:large, max-video-preview:-1\" \/>\n<link rel=\"canonical\" href=\"https:\/\/www.vignobles-vellas.com\/en\/why-choose-a-gite-in-the-heart-of-a-languedoc-winegrowing-estate-domaine-vellas\/\" \/>\n<meta property=\"og:locale\" content=\"en_US\" \/>\n<meta property=\"og:type\" content=\"article\" \/>\n<meta property=\"og:title\" content=\"Why choose a g\u00eete in the heart of a Languedoc winegrowing estate | Domaine Vellas - Vignobles Vellas\" \/>\n<meta property=\"og:description\" content=\"Stay in a g\u00eete at the heart of a Languedoc wine estate: nature, wine, authenticity and art de vivre. Discover the Domaine Vellas experience.\" \/>\n<meta property=\"og:url\" content=\"https:\/\/www.vignobles-vellas.com\/en\/why-choose-a-gite-in-the-heart-of-a-languedoc-winegrowing-estate-domaine-vellas\/\" \/>\n<meta property=\"og:site_name\" content=\"Vignobles Vellas\" \/>\n<meta property=\"article:publisher\" content=\"https:\/\/www.facebook.com\/VignoblesVellas\" \/>\n<meta property=\"article:modified_time\" content=\"2026-01-22T14:45:56+00:00\" \/>\n<meta property=\"og:image\" content=\"https:\/\/www.vignobles-vellas.com\/wp-content\/uploads\/2022\/10\/vignes_domaine-grisette-des-gres_vignobles-vellas.com_1600x1067px.jpg\" \/>\n\t<meta property=\"og:image:width\" content=\"1600\" \/>\n\t<meta property=\"og:image:height\" content=\"1067\" \/>\n\t<meta property=\"og:image:type\" content=\"image\/jpeg\" \/>\n<meta name=\"twitter:card\" content=\"summary_large_image\" \/>\n<meta name=\"twitter:label1\" content=\"Est. reading time\" \/>\n\t<meta name=\"twitter:data1\" content=\"2 minutes\" \/>\n<script type=\"application\/ld+json\" class=\"yoast-schema-graph\">{\"@context\":\"https:\\\/\\\/schema.org\",\"@graph\":[{\"@type\":\"WebPage\",\"@id\":\"https:\\\/\\\/www.vignobles-vellas.com\\\/en\\\/why-choose-a-gite-in-the-heart-of-a-languedoc-winegrowing-estate-domaine-vellas\\\/\",\"url\":\"https:\\\/\\\/www.vignobles-vellas.com\\\/en\\\/why-choose-a-gite-in-the-heart-of-a-languedoc-winegrowing-estate-domaine-vellas\\\/\",\"name\":\"Why choose a g\u00eete in the heart of a Languedoc winegrowing estate | Domaine Vellas - Vignobles Vellas\",\"isPartOf\":{\"@id\":\"https:\\\/\\\/www.vignobles-vellas.com\\\/en\\\/#website\"},\"primaryImageOfPage\":{\"@id\":\"https:\\\/\\\/www.vignobles-vellas.com\\\/en\\\/why-choose-a-gite-in-the-heart-of-a-languedoc-winegrowing-estate-domaine-vellas\\\/#primaryimage\"},\"image\":{\"@id\":\"https:\\\/\\\/www.vignobles-vellas.com\\\/en\\\/why-choose-a-gite-in-the-heart-of-a-languedoc-winegrowing-estate-domaine-vellas\\\/#primaryimage\"},\"thumbnailUrl\":\"https:\\\/\\\/www.vignobles-vellas.com\\\/wp-content\\\/uploads\\\/2022\\\/10\\\/vignes_domaine-grisette-des-gres_vignobles-vellas.com_1600x1067px-1024x683.jpg\",\"datePublished\":\"2026-01-22T14:37:24+00:00\",\"dateModified\":\"2026-01-22T14:45:56+00:00\",\"description\":\"Stay in a g\u00eete at the heart of a Languedoc wine estate: nature, wine, authenticity and art de vivre. Discover the Domaine Vellas experience.\",\"breadcrumb\":{\"@id\":\"https:\\\/\\\/www.vignobles-vellas.com\\\/en\\\/why-choose-a-gite-in-the-heart-of-a-languedoc-winegrowing-estate-domaine-vellas\\\/#breadcrumb\"},\"inLanguage\":\"en-US\",\"potentialAction\":[{\"@type\":\"ReadAction\",\"target\":[\"https:\\\/\\\/www.vignobles-vellas.com\\\/en\\\/why-choose-a-gite-in-the-heart-of-a-languedoc-winegrowing-estate-domaine-vellas\\\/\"]}]},{\"@type\":\"ImageObject\",\"inLanguage\":\"en-US\",\"@id\":\"https:\\\/\\\/www.vignobles-vellas.com\\\/en\\\/why-choose-a-gite-in-the-heart-of-a-languedoc-winegrowing-estate-domaine-vellas\\\/#primaryimage\",\"url\":\"https:\\\/\\\/www.vignobles-vellas.com\\\/wp-content\\\/uploads\\\/2022\\\/10\\\/vignes_domaine-grisette-des-gres_vignobles-vellas.com_1600x1067px-1024x683.jpg\",\"contentUrl\":\"https:\\\/\\\/www.vignobles-vellas.com\\\/wp-content\\\/uploads\\\/2022\\\/10\\\/vignes_domaine-grisette-des-gres_vignobles-vellas.com_1600x1067px-1024x683.jpg\"},{\"@type\":\"BreadcrumbList\",\"@id\":\"https:\\\/\\\/www.vignobles-vellas.com\\\/en\\\/why-choose-a-gite-in-the-heart-of-a-languedoc-winegrowing-estate-domaine-vellas\\\/#breadcrumb\",\"itemListElement\":[{\"@type\":\"ListItem\",\"position\":1,\"name\":\"Accueil\",\"item\":\"https:\\\/\\\/www.vignobles-vellas.com\\\/en\\\/home\\\/\"},{\"@type\":\"ListItem\",\"position\":2,\"name\":\"Why choose a g\u00eete in the heart of a Languedoc winegrowing estate | Domaine Vellas\"}]},{\"@type\":\"WebSite\",\"@id\":\"https:\\\/\\\/www.vignobles-vellas.com\\\/en\\\/#website\",\"url\":\"https:\\\/\\\/www.vignobles-vellas.com\\\/en\\\/\",\"name\":\"Vignobles Vellas\",\"description\":\"Vineyards &amp; Accommodations in Languedoc, South of France\",\"publisher\":{\"@id\":\"https:\\\/\\\/www.vignobles-vellas.com\\\/en\\\/#organization\"},\"potentialAction\":[{\"@type\":\"SearchAction\",\"target\":{\"@type\":\"EntryPoint\",\"urlTemplate\":\"https:\\\/\\\/www.vignobles-vellas.com\\\/en\\\/?s={search_term_string}\"},\"query-input\":{\"@type\":\"PropertyValueSpecification\",\"valueRequired\":true,\"valueName\":\"search_term_string\"}}],\"inLanguage\":\"en-US\"},{\"@type\":\"Organization\",\"@id\":\"https:\\\/\\\/www.vignobles-vellas.com\\\/en\\\/#organization\",\"name\":\"Vignobles Vellas\",\"url\":\"https:\\\/\\\/www.vignobles-vellas.com\\\/en\\\/\",\"logo\":{\"@type\":\"ImageObject\",\"inLanguage\":\"en-US\",\"@id\":\"https:\\\/\\\/www.vignobles-vellas.com\\\/en\\\/#\\\/schema\\\/logo\\\/image\\\/\",\"url\":\"https:\\\/\\\/www.vignobles-vellas.com\\\/wp-content\\\/uploads\\\/2022\\\/07\\\/vignobles-vellas_logo_rgb_black.svg\",\"contentUrl\":\"https:\\\/\\\/www.vignobles-vellas.com\\\/wp-content\\\/uploads\\\/2022\\\/07\\\/vignobles-vellas_logo_rgb_black.svg\",\"width\":500,\"height\":500,\"caption\":\"Vignobles Vellas\"},\"image\":{\"@id\":\"https:\\\/\\\/www.vignobles-vellas.com\\\/en\\\/#\\\/schema\\\/logo\\\/image\\\/\"},\"sameAs\":[\"https:\\\/\\\/www.facebook.com\\\/VignoblesVellas\",\"https:\\\/\\\/www.instagram.com\\\/vignobles.vellas\\\/\",\"https:\\\/\\\/www.youtube.com\\\/channel\\\/UC7Iaf4-eEAKp6im46ELjW-A\",\"https:\\\/\\\/www.linkedin.com\\\/in\\\/vignobles-vellas-56ba96221\\\/\"]}]}<\/script>\n<!-- \/ Yoast SEO plugin. -->","yoast_head_json":{"title":"Why choose a g\u00eete in the heart of a Languedoc winegrowing estate | Domaine Vellas - Vignobles Vellas","description":"Stay in a g\u00eete at the heart of a Languedoc wine estate: nature, wine, authenticity and art de vivre. Discover the Domaine Vellas experience.","robots":{"index":"index","follow":"follow","max-snippet":"max-snippet:-1","max-image-preview":"max-image-preview:large","max-video-preview":"max-video-preview:-1"},"canonical":"https:\/\/www.vignobles-vellas.com\/en\/why-choose-a-gite-in-the-heart-of-a-languedoc-winegrowing-estate-domaine-vellas\/","og_locale":"en_US","og_type":"article","og_title":"Why choose a g\u00eete in the heart of a Languedoc winegrowing estate | Domaine Vellas - Vignobles Vellas","og_description":"Stay in a g\u00eete at the heart of a Languedoc wine estate: nature, wine, authenticity and art de vivre. Discover the Domaine Vellas experience.","og_url":"https:\/\/www.vignobles-vellas.com\/en\/why-choose-a-gite-in-the-heart-of-a-languedoc-winegrowing-estate-domaine-vellas\/","og_site_name":"Vignobles Vellas","article_publisher":"https:\/\/www.facebook.com\/VignoblesVellas","article_modified_time":"2026-01-22T14:45:56+00:00","og_image":[{"width":1600,"height":1067,"url":"https:\/\/www.vignobles-vellas.com\/wp-content\/uploads\/2022\/10\/vignes_domaine-grisette-des-gres_vignobles-vellas.com_1600x1067px.jpg","type":"image\/jpeg"}],"twitter_card":"summary_large_image","twitter_misc":{"Est. reading time":"2 minutes"},"schema":{"@context":"https:\/\/schema.org","@graph":[{"@type":"WebPage","@id":"https:\/\/www.vignobles-vellas.com\/en\/why-choose-a-gite-in-the-heart-of-a-languedoc-winegrowing-estate-domaine-vellas\/","url":"https:\/\/www.vignobles-vellas.com\/en\/why-choose-a-gite-in-the-heart-of-a-languedoc-winegrowing-estate-domaine-vellas\/","name":"Why choose a g\u00eete in the heart of a Languedoc winegrowing estate | Domaine Vellas - Vignobles Vellas","isPartOf":{"@id":"https:\/\/www.vignobles-vellas.com\/en\/#website"},"primaryImageOfPage":{"@id":"https:\/\/www.vignobles-vellas.com\/en\/why-choose-a-gite-in-the-heart-of-a-languedoc-winegrowing-estate-domaine-vellas\/#primaryimage"},"image":{"@id":"https:\/\/www.vignobles-vellas.com\/en\/why-choose-a-gite-in-the-heart-of-a-languedoc-winegrowing-estate-domaine-vellas\/#primaryimage"},"thumbnailUrl":"https:\/\/www.vignobles-vellas.com\/wp-content\/uploads\/2022\/10\/vignes_domaine-grisette-des-gres_vignobles-vellas.com_1600x1067px-1024x683.jpg","datePublished":"2026-01-22T14:37:24+00:00","dateModified":"2026-01-22T14:45:56+00:00","description":"Stay in a g\u00eete at the heart of a Languedoc wine estate: nature, wine, authenticity and art de vivre. Discover the Domaine Vellas experience.","breadcrumb":{"@id":"https:\/\/www.vignobles-vellas.com\/en\/why-choose-a-gite-in-the-heart-of-a-languedoc-winegrowing-estate-domaine-vellas\/#breadcrumb"},"inLanguage":"en-US","potentialAction":[{"@type":"ReadAction","target":["https:\/\/www.vignobles-vellas.com\/en\/why-choose-a-gite-in-the-heart-of-a-languedoc-winegrowing-estate-domaine-vellas\/"]}]},{"@type":"ImageObject","inLanguage":"en-US","@id":"https:\/\/www.vignobles-vellas.com\/en\/why-choose-a-gite-in-the-heart-of-a-languedoc-winegrowing-estate-domaine-vellas\/#primaryimage","url":"https:\/\/www.vignobles-vellas.com\/wp-content\/uploads\/2022\/10\/vignes_domaine-grisette-des-gres_vignobles-vellas.com_1600x1067px-1024x683.jpg","contentUrl":"https:\/\/www.vignobles-vellas.com\/wp-content\/uploads\/2022\/10\/vignes_domaine-grisette-des-gres_vignobles-vellas.com_1600x1067px-1024x683.jpg"},{"@type":"BreadcrumbList","@id":"https:\/\/www.vignobles-vellas.com\/en\/why-choose-a-gite-in-the-heart-of-a-languedoc-winegrowing-estate-domaine-vellas\/#breadcrumb","itemListElement":[{"@type":"ListItem","position":1,"name":"Accueil","item":"https:\/\/www.vignobles-vellas.com\/en\/home\/"},{"@type":"ListItem","position":2,"name":"Why choose a g\u00eete in the heart of a Languedoc winegrowing estate | Domaine Vellas"}]},{"@type":"WebSite","@id":"https:\/\/www.vignobles-vellas.com\/en\/#website","url":"https:\/\/www.vignobles-vellas.com\/en\/","name":"Vignobles Vellas","description":"Vineyards &amp; Accommodations in Languedoc, South of France","publisher":{"@id":"https:\/\/www.vignobles-vellas.com\/en\/#organization"},"potentialAction":[{"@type":"SearchAction","target":{"@type":"EntryPoint","urlTemplate":"https:\/\/www.vignobles-vellas.com\/en\/?s={search_term_string}"},"query-input":{"@type":"PropertyValueSpecification","valueRequired":true,"valueName":"search_term_string"}}],"inLanguage":"en-US"},{"@type":"Organization","@id":"https:\/\/www.vignobles-vellas.com\/en\/#organization","name":"Vignobles Vellas","url":"https:\/\/www.vignobles-vellas.com\/en\/","logo":{"@type":"ImageObject","inLanguage":"en-US","@id":"https:\/\/www.vignobles-vellas.com\/en\/#\/schema\/logo\/image\/","url":"https:\/\/www.vignobles-vellas.com\/wp-content\/uploads\/2022\/07\/vignobles-vellas_logo_rgb_black.svg","contentUrl":"https:\/\/www.vignobles-vellas.com\/wp-content\/uploads\/2022\/07\/vignobles-vellas_logo_rgb_black.svg","width":500,"height":500,"caption":"Vignobles Vellas"},"image":{"@id":"https:\/\/www.vignobles-vellas.com\/en\/#\/schema\/logo\/image\/"},"sameAs":["https:\/\/www.facebook.com\/VignoblesVellas","https:\/\/www.instagram.com\/vignobles.vellas\/","https:\/\/www.youtube.com\/channel\/UC7Iaf4-eEAKp6im46ELjW-A","https:\/\/www.linkedin.com\/in\/vignobles-vellas-56ba96221\/"]}]}},"_links":{"self":[{"href":"https:\/\/www.vignobles-vellas.com\/en\/wp-json\/wp\/v2\/pages\/26290","targetHints":{"allow":["GET"]}}],"collection":[{"href":"https:\/\/www.vignobles-vellas.com\/en\/wp-json\/wp\/v2\/pages"}],"about":[{"href":"https:\/\/www.vignobles-vellas.com\/en\/wp-json\/wp\/v2\/types\/page"}],"author":[{"embeddable":true,"href":"https:\/\/www.vignobles-vellas.com\/en\/wp-json\/wp\/v2\/users\/4"}],"replies":[{"embeddable":true,"href":"https:\/\/www.vignobles-vellas.com\/en\/wp-json\/wp\/v2\/comments?post=26290"}],"version-history":[{"count":1,"href":"https:\/\/www.vignobles-vellas.com\/en\/wp-json\/wp\/v2\/pages\/26290\/revisions"}],"predecessor-version":[{"id":26291,"href":"https:\/\/www.vignobles-vellas.com\/en\/wp-json\/wp\/v2\/pages\/26290\/revisions\/26291"}],"wp:attachment":[{"href":"https:\/\/www.vignobles-vellas.com\/en\/wp-json\/wp\/v2\/media?parent=26290"}],"curies":[{"name":"wp","href":"https:\/\/api.w.org\/{rel}","templated":true}]}}